{"id":10,"date":"2022-12-08T14:01:40","date_gmt":"2022-12-08T14:01:40","guid":{"rendered":"https:\/\/www.occasions-plus.com\/?page_id=10"},"modified":"2025-10-24T14:22:39","modified_gmt":"2025-10-24T18:22:39","slug":"a-propos","status":"publish","type":"page","link":"https:\/\/www.jdpmecaniqueindustrielle.com\/en\/a-propos\/","title":{"rendered":"ABOUT"},"content":{"rendered":"<div data-elementor-type=\"wp-page\" data-elementor-id=\"10\" class=\"elementor elementor-10\">\n\t\t\t\t\t\t<section class=\"elementor-section elementor-top-section elementor-element elementor-element-d5a0f91 elementor-section-boxed elementor-section-height-default elementor-section-height-default\" data-id=\"d5a0f91\" data-element_type=\"section\">\n\t\t\t\t\t\t<div class=\"elementor-container elementor-column-gap-default\">\n\t\t\t\t\t<div class=\"elementor-column elementor-col-100 elementor-top-column elementor-element elementor-element-7f4c252\" data-id=\"7f4c252\" data-element_type=\"column\">\n\t\t\t<div class=\"elementor-widget-wrap\">\n\t\t\t\t\t\t\t<\/div>\n\t\t<\/div>\n\t\t\t\t\t<\/div>\n\t\t<\/section>\n\t\t\t\t<section class=\"elementor-section elementor-top-section elementor-element elementor-element-4dc1e3a elementor-section-height-min-height elementor-section-items-bottom elementor-section-stretched elementor-section-boxed elementor-section-height-default\" data-id=\"4dc1e3a\" data-element_type=\"section\" data-settings=\"{&quot;stretch_section&quot;:&quot;section-stretched&quot;,&quot;background_background&quot;:&quot;classic&quot;}\">\n\t\t\t\t\t\t<div class=\"elementor-container elementor-column-gap-wider\">\n\t\t\t\t\t<div class=\"elementor-column elementor-col-100 elementor-top-column elementor-element elementor-element-e29b7b7\" data-id=\"e29b7b7\" data-element_type=\"column\">\n\t\t\t<div class=\"elementor-widget-wrap elementor-element-populated\">\n\t\t\t\t\t\t<section class=\"elementor-section elementor-inner-section elementor-element elementor-element-0853f99 elementor-section-boxed elementor-section-height-default elementor-section-height-default\" data-id=\"0853f99\" data-element_type=\"section\">\n\t\t\t\t\t\t<div class=\"elementor-container elementor-column-gap-default\">\n\t\t\t\t\t<div class=\"elementor-column elementor-col-100 elementor-inner-column elementor-element elementor-element-01ff8d3\" data-id=\"01ff8d3\" data-element_type=\"column\">\n\t\t\t<div class=\"elementor-widget-wrap elementor-element-populated\">\n\t\t\t\t\t\t<div class=\"elementor-element elementor-element-5bfc0f5 elementor-widget__width-auto elementor-invisible elementor-widget elementor-widget-heading\" data-id=\"5bfc0f5\" data-element_type=\"widget\" data-settings=\"{&quot;_animation&quot;:&quot;fadeInUp&quot;}\" data-widget_type=\"heading.default\">\n\t\t\t\t\t<h2 class=\"elementor-heading-title elementor-size-default\">A team of experts dedicated to industrial performance<\/h2>\t\t\t\t<\/div>\n\t\t\t\t\t<\/div>\n\t\t<\/div>\n\t\t\t\t\t<\/div>\n\t\t<\/section>\n\t\t\t\t\t<\/div>\n\t\t<\/div>\n\t\t\t\t\t<\/div>\n\t\t<\/section>\n\t\t\t\t<section class=\"elementor-section elementor-top-section elementor-element elementor-element-e6b2679 elementor-section-stretched elementor-section-boxed elementor-section-height-default elementor-section-height-default\" data-id=\"e6b2679\" data-element_type=\"section\" data-settings=\"{&quot;stretch_section&quot;:&quot;section-stretched&quot;}\">\n\t\t\t\t\t\t<div class=\"elementor-container elementor-column-gap-no\">\n\t\t\t\t\t<div class=\"elementor-column elementor-col-50 elementor-top-column elementor-element elementor-element-66b4c3d\" data-id=\"66b4c3d\" data-element_type=\"column\">\n\t\t\t<div class=\"elementor-widget-wrap elementor-element-populated\">\n\t\t\t\t\t\t<section class=\"elementor-section elementor-inner-section elementor-element elementor-element-5b3e274 elementor-section-boxed elementor-section-height-default elementor-section-height-default\" data-id=\"5b3e274\" data-element_type=\"section\">\n\t\t\t\t\t\t<div class=\"elementor-container elementor-column-gap-default\">\n\t\t\t\t\t<div class=\"elementor-column elementor-col-100 elementor-inner-column elementor-element elementor-element-1747387\" data-id=\"1747387\" data-element_type=\"column\">\n\t\t\t<div class=\"elementor-widget-wrap elementor-element-populated\">\n\t\t\t\t\t\t<div class=\"elementor-element elementor-element-5046e7a elementor-widget elementor-widget-image\" data-id=\"5046e7a\" data-element_type=\"widget\" data-widget_type=\"image.default\">\n\t\t\t\t\t\t\t\t\t\t\t\t\t\t\t<img fetchpriority=\"high\" decoding=\"async\" width=\"547\" height=\"492\" src=\"https:\/\/www.jdpmecaniqueindustrielle.com\/wp-content\/uploads\/2025\/10\/468564305_558626463696672_1315573845069713461_n.jpg\" class=\"attachment-large size-large wp-image-915\" alt=\"\" srcset=\"https:\/\/www.jdpmecaniqueindustrielle.com\/wp-content\/uploads\/2025\/10\/468564305_558626463696672_1315573845069713461_n.jpg 547w, https:\/\/www.jdpmecaniqueindustrielle.com\/wp-content\/uploads\/2025\/10\/468564305_558626463696672_1315573845069713461_n-500x450.jpg 500w, https:\/\/www.jdpmecaniqueindustrielle.com\/wp-content\/uploads\/2025\/10\/468564305_558626463696672_1315573845069713461_n-300x270.jpg 300w, https:\/\/www.jdpmecaniqueindustrielle.com\/wp-content\/uploads\/2025\/10\/468564305_558626463696672_1315573845069713461_n-83x75.jpg 83w, https:\/\/www.jdpmecaniqueindustrielle.com\/wp-content\/uploads\/2025\/10\/468564305_558626463696672_1315573845069713461_n-484x435.jpg 484w\" sizes=\"(max-width:767px) 484px, 547px\" \/>\t\t\t\t\t\t\t\t\t\t\t\t\t\t\t<\/div>\n\t\t\t\t\t<\/div>\n\t\t<\/div>\n\t\t\t\t\t<\/div>\n\t\t<\/section>\n\t\t\t\t\t<\/div>\n\t\t<\/div>\n\t\t\t\t<div class=\"elementor-column elementor-col-50 elementor-top-column elementor-element elementor-element-b2d0537\" data-id=\"b2d0537\" data-element_type=\"column\">\n\t\t\t<div class=\"elementor-widget-wrap elementor-element-populated\">\n\t\t\t\t\t\t<section class=\"elementor-section elementor-inner-section elementor-element elementor-element-e06d02c elementor-section-boxed elementor-section-height-default elementor-section-height-default\" data-id=\"e06d02c\" data-element_type=\"section\">\n\t\t\t\t\t\t<div class=\"elementor-container elementor-column-gap-default\">\n\t\t\t\t\t<div class=\"elementor-column elementor-col-100 elementor-inner-column elementor-element elementor-element-fcf0520\" data-id=\"fcf0520\" data-element_type=\"column\">\n\t\t\t<div class=\"elementor-widget-wrap elementor-element-populated\">\n\t\t\t\t\t\t<div class=\"elementor-element elementor-element-bd7ae3f elementor-widget elementor-widget-heading\" data-id=\"bd7ae3f\" data-element_type=\"widget\" data-widget_type=\"heading.default\">\n\t\t\t\t\t<h3 class=\"elementor-heading-title elementor-size-default\">Our mission<\/h3>\t\t\t\t<\/div>\n\t\t\t\t\t<\/div>\n\t\t<\/div>\n\t\t\t\t\t<\/div>\n\t\t<\/section>\n\t\t\t\t<section class=\"elementor-section elementor-inner-section elementor-element elementor-element-c10f6b0 elementor-section-boxed elementor-section-height-default elementor-section-height-default\" data-id=\"c10f6b0\" data-element_type=\"section\">\n\t\t\t\t\t\t<div class=\"elementor-container elementor-column-gap-default\">\n\t\t\t\t\t<div class=\"elementor-column elementor-col-100 elementor-inner-column elementor-element elementor-element-d937bed\" data-id=\"d937bed\" data-element_type=\"column\">\n\t\t\t<div class=\"elementor-widget-wrap elementor-element-populated\">\n\t\t\t\t\t\t<div class=\"elementor-element elementor-element-9d4ce38 elementor-widget elementor-widget-text-editor\" data-id=\"9d4ce38\" data-element_type=\"widget\" data-widget_type=\"text-editor.default\">\n\t\t\t\t\t\t\t\t\t<p>Founded in <strong>Lanaudi\u00e8re<\/strong>, <strong>JDP Mechanics Industrial Inc.<\/strong> has established itself as a <strong>trusted partner<\/strong> in the field of design, manufacturing and industrial maintenance.<\/p><p>Our team includes <strong>industrial mechanics, welders, machinists, electromechanics, electrotechnicians and electricians<\/strong> qualified, driven by a passion for a job well done and respecting deadlines.<\/p><p>Since our beginnings, we have built our reputation on three pillars:<\/p><ol><li><p><strong>Technical expertise<\/strong> \u2013 in-depth knowledge of mechanical and electrical systems.<\/p><\/li><li><p><strong>Rigor<\/strong> \u2013 safe interventions, compliant with industrial standards.<\/p><\/li><li><p><strong>Flexibility<\/strong> \u2013 tailor-made solutions, adapted to each production environment.<\/p><\/li><\/ol><blockquote><p>At JDP, every project is an opportunity to demonstrate our expertise and our commitment to customer satisfaction.<\/p><\/blockquote>\t\t\t\t\t\t\t\t<\/div>\n\t\t\t\t\t<\/div>\n\t\t<\/div>\n\t\t\t\t\t<\/div>\n\t\t<\/section>\n\t\t\t\t\t<\/div>\n\t\t<\/div>\n\t\t\t\t\t<\/div>\n\t\t<\/section>\n\t\t\t\t<section class=\"elementor-section elementor-top-section elementor-element elementor-element-e7f9aa3 elementor-section-stretched elementor-section-boxed elementor-section-height-default elementor-section-height-default\" data-id=\"e7f9aa3\" data-element_type=\"section\" data-settings=\"{&quot;stretch_section&quot;:&quot;section-stretched&quot;}\">\n\t\t\t\t\t\t<div class=\"elementor-container elementor-column-gap-wider\">\n\t\t\t\t\t<div class=\"elementor-column elementor-col-100 elementor-top-column elementor-element elementor-element-f7369e6\" data-id=\"f7369e6\" data-element_type=\"column\">\n\t\t\t<div class=\"elementor-widget-wrap elementor-element-populated\">\n\t\t\t\t\t\t<section class=\"elementor-section elementor-inner-section elementor-element elementor-element-aa9c17c elementor-section-boxed elementor-section-height-default elementor-section-height-default\" data-id=\"aa9c17c\" data-element_type=\"section\">\n\t\t\t\t\t\t<div class=\"elementor-container elementor-column-gap-default\">\n\t\t\t\t\t<div class=\"elementor-column elementor-col-100 elementor-inner-column elementor-element elementor-element-3fd9e07\" data-id=\"3fd9e07\" data-element_type=\"column\">\n\t\t\t<div class=\"elementor-widget-wrap elementor-element-populated\">\n\t\t\t\t\t\t<div class=\"elementor-element elementor-element-9dbf088 elementor-widget elementor-widget-heading\" data-id=\"9dbf088\" data-element_type=\"widget\" data-widget_type=\"heading.default\">\n\t\t\t\t\t<h3 class=\"elementor-heading-title elementor-size-default\">\u201cDesign, installation, innovation \u2014 our mechanics, your success\u201d<\/h3>\t\t\t\t<\/div>\n\t\t\t\t\t<\/div>\n\t\t<\/div>\n\t\t\t\t\t<\/div>\n\t\t<\/section>\n\t\t\t\t\t<\/div>\n\t\t<\/div>\n\t\t\t\t\t<\/div>\n\t\t<\/section>\n\t\t\t\t<\/div>","protected":false},"excerpt":{"rendered":"<p>Une \u00e9quipe d\u2019experts au service de la performance industrielle Notre mission Fond\u00e9e \u00e0 Lanaudi\u00e8re, JDP M\u00e9canique Industrielle Inc. s\u2019est impos\u00e9e comme un partenaire de confiance dans<span class=\"excerpt-hellip\"> [\u2026]<\/span><\/p>","protected":false},"author":1,"featured_media":0,"parent":0,"menu_order":0,"comment_status":"open","ping_status":"closed","template":"","meta":{"footnotes":""},"class_list":["post-10","page","type-page","status-publish","hentry"],"yoast_head":"<!-- This site is optimized with the Yoast SEO plugin v26.2 - https:\/\/yoast.com\/wordpress\/plugins\/seo\/ -->\n<title>\u00c0 PROPOS - Jdp m\u00e9canique industrielle Inc<\/title>\n<meta name=\"description\" content=\"JDP M\u00e9canique Industrielle, c\u2019est une \u00e9quipe d\u2019experts passionn\u00e9s en ing\u00e9nierie et en m\u00e9canique. Notre mission : concevoir, fabriquer et entretenir vos \u00e9quipements avec rigueur, innovation et efficacit\u00e9.\" \/>\n<meta name=\"robots\" content=\"index, follow, max-snippet:-1, max-image-preview:large, max-video-preview:-1\" \/>\n<link rel=\"canonical\" href=\"https:\/\/www.jdpmecaniqueindustrielle.com\/en\/a-propos\/\" \/>\n<meta property=\"og:locale\" content=\"en_US\" \/>\n<meta property=\"og:type\" content=\"article\" \/>\n<meta property=\"og:title\" content=\"\u00c0 PROPOS - Jdp m\u00e9canique industrielle Inc\" \/>\n<meta property=\"og:description\" content=\"JDP M\u00e9canique Industrielle, c\u2019est une \u00e9quipe d\u2019experts passionn\u00e9s en ing\u00e9nierie et en m\u00e9canique. Notre mission : concevoir, fabriquer et entretenir vos \u00e9quipements avec rigueur, innovation et efficacit\u00e9.\" \/>\n<meta property=\"og:url\" content=\"https:\/\/www.jdpmecaniqueindustrielle.com\/en\/a-propos\/\" \/>\n<meta property=\"og:site_name\" content=\"Jdp m\u00e9canique industrielle Inc\" \/>\n<meta property=\"article:modified_time\" content=\"2025-10-24T18:22:39+00:00\" \/>\n<meta property=\"og:image\" content=\"https:\/\/www.agencemediatis.com\/jdp\/wp-content\/uploads\/2025\/10\/468564305_558626463696672_1315573845069713461_n.jpg\" \/>\n<meta name=\"twitter:card\" content=\"summary_large_image\" \/>\n<meta name=\"twitter:label1\" content=\"Est. reading time\" \/>\n\t<meta name=\"twitter:data1\" content=\"1 minute\" \/>\n<script type=\"application\/ld+json\" class=\"yoast-schema-graph\">{\"@context\":\"https:\/\/schema.org\",\"@graph\":[{\"@type\":\"WebPage\",\"@id\":\"https:\/\/www.jdpmecaniqueindustrielle.com\/a-propos\/\",\"url\":\"https:\/\/www.jdpmecaniqueindustrielle.com\/a-propos\/\",\"name\":\"\u00c0 PROPOS - Jdp m\u00e9canique industrielle Inc\",\"isPartOf\":{\"@id\":\"https:\/\/www.jdpmecaniqueindustrielle.com\/#website\"},\"primaryImageOfPage\":{\"@id\":\"https:\/\/www.jdpmecaniqueindustrielle.com\/a-propos\/#primaryimage\"},\"image\":{\"@id\":\"https:\/\/www.jdpmecaniqueindustrielle.com\/a-propos\/#primaryimage\"},\"thumbnailUrl\":\"https:\/\/www.agencemediatis.com\/jdp\/wp-content\/uploads\/2025\/10\/468564305_558626463696672_1315573845069713461_n.jpg\",\"datePublished\":\"2022-12-08T14:01:40+00:00\",\"dateModified\":\"2025-10-24T18:22:39+00:00\",\"description\":\"JDP M\u00e9canique Industrielle, c\u2019est une \u00e9quipe d\u2019experts passionn\u00e9s en ing\u00e9nierie et en m\u00e9canique. Notre mission : concevoir, fabriquer et entretenir vos \u00e9quipements avec rigueur, innovation et efficacit\u00e9.\",\"breadcrumb\":{\"@id\":\"https:\/\/www.jdpmecaniqueindustrielle.com\/a-propos\/#breadcrumb\"},\"inLanguage\":\"en-CA\",\"potentialAction\":[{\"@type\":\"ReadAction\",\"target\":[\"https:\/\/www.jdpmecaniqueindustrielle.com\/a-propos\/\"]}]},{\"@type\":\"ImageObject\",\"inLanguage\":\"en-CA\",\"@id\":\"https:\/\/www.jdpmecaniqueindustrielle.com\/a-propos\/#primaryimage\",\"url\":\"https:\/\/www.agencemediatis.com\/jdp\/wp-content\/uploads\/2025\/10\/468564305_558626463696672_1315573845069713461_n.jpg\",\"contentUrl\":\"https:\/\/www.agencemediatis.com\/jdp\/wp-content\/uploads\/2025\/10\/468564305_558626463696672_1315573845069713461_n.jpg\"},{\"@type\":\"BreadcrumbList\",\"@id\":\"https:\/\/www.jdpmecaniqueindustrielle.com\/a-propos\/#breadcrumb\",\"itemListElement\":[{\"@type\":\"ListItem\",\"position\":1,\"name\":\"Accueil\",\"item\":\"https:\/\/www.jdpmecaniqueindustrielle.com\/\"},{\"@type\":\"ListItem\",\"position\":2,\"name\":\"\u00c0 PROPOS\"}]},{\"@type\":\"WebSite\",\"@id\":\"https:\/\/www.jdpmecaniqueindustrielle.com\/#website\",\"url\":\"https:\/\/www.jdpmecaniqueindustrielle.com\/\",\"name\":\"Jdp m\u00e9canique industrielle Inc\",\"description\":\"\",\"publisher\":{\"@id\":\"https:\/\/www.jdpmecaniqueindustrielle.com\/#organization\"},\"potentialAction\":[{\"@type\":\"SearchAction\",\"target\":{\"@type\":\"EntryPoint\",\"urlTemplate\":\"https:\/\/www.jdpmecaniqueindustrielle.com\/?s={search_term_string}\"},\"query-input\":{\"@type\":\"PropertyValueSpecification\",\"valueRequired\":true,\"valueName\":\"search_term_string\"}}],\"inLanguage\":\"en-CA\"},{\"@type\":\"Organization\",\"@id\":\"https:\/\/www.jdpmecaniqueindustrielle.com\/#organization\",\"name\":\"Jdp m\u00e9canique industrielle Inc\",\"url\":\"https:\/\/www.jdpmecaniqueindustrielle.com\/\",\"logo\":{\"@type\":\"ImageObject\",\"inLanguage\":\"en-CA\",\"@id\":\"https:\/\/www.jdpmecaniqueindustrielle.com\/#\/schema\/logo\/image\/\",\"url\":\"https:\/\/www.jdpmecaniqueindustrielle.com\/wp-content\/uploads\/2025\/10\/cropped-logo.jpg\",\"contentUrl\":\"https:\/\/www.jdpmecaniqueindustrielle.com\/wp-content\/uploads\/2025\/10\/cropped-logo.jpg\",\"width\":400,\"height\":386,\"caption\":\"Jdp m\u00e9canique industrielle Inc\"},\"image\":{\"@id\":\"https:\/\/www.jdpmecaniqueindustrielle.com\/#\/schema\/logo\/image\/\"}}]}<\/script>\n<!-- \/ Yoast SEO plugin. -->","yoast_head_json":{"title":"\u00c0 PROPOS - Jdp m\u00e9canique industrielle Inc","description":"JDP M\u00e9canique Industrielle, c\u2019est une \u00e9quipe d\u2019experts passionn\u00e9s en ing\u00e9nierie et en m\u00e9canique. Notre mission : concevoir, fabriquer et entretenir vos \u00e9quipements avec rigueur, innovation et efficacit\u00e9.","robots":{"index":"index","follow":"follow","max-snippet":"max-snippet:-1","max-image-preview":"max-image-preview:large","max-video-preview":"max-video-preview:-1"},"canonical":"https:\/\/www.jdpmecaniqueindustrielle.com\/en\/a-propos\/","og_locale":"en_US","og_type":"article","og_title":"\u00c0 PROPOS - Jdp m\u00e9canique industrielle Inc","og_description":"JDP M\u00e9canique Industrielle, c\u2019est une \u00e9quipe d\u2019experts passionn\u00e9s en ing\u00e9nierie et en m\u00e9canique. Notre mission : concevoir, fabriquer et entretenir vos \u00e9quipements avec rigueur, innovation et efficacit\u00e9.","og_url":"https:\/\/www.jdpmecaniqueindustrielle.com\/en\/a-propos\/","og_site_name":"Jdp m\u00e9canique industrielle Inc","article_modified_time":"2025-10-24T18:22:39+00:00","og_image":[{"url":"https:\/\/www.agencemediatis.com\/jdp\/wp-content\/uploads\/2025\/10\/468564305_558626463696672_1315573845069713461_n.jpg","type":"","width":"","height":""}],"twitter_card":"summary_large_image","twitter_misc":{"Est. reading time":"1 minute"},"schema":{"@context":"https:\/\/schema.org","@graph":[{"@type":"WebPage","@id":"https:\/\/www.jdpmecaniqueindustrielle.com\/a-propos\/","url":"https:\/\/www.jdpmecaniqueindustrielle.com\/a-propos\/","name":"\u00c0 PROPOS - Jdp m\u00e9canique industrielle Inc","isPartOf":{"@id":"https:\/\/www.jdpmecaniqueindustrielle.com\/#website"},"primaryImageOfPage":{"@id":"https:\/\/www.jdpmecaniqueindustrielle.com\/a-propos\/#primaryimage"},"image":{"@id":"https:\/\/www.jdpmecaniqueindustrielle.com\/a-propos\/#primaryimage"},"thumbnailUrl":"https:\/\/www.agencemediatis.com\/jdp\/wp-content\/uploads\/2025\/10\/468564305_558626463696672_1315573845069713461_n.jpg","datePublished":"2022-12-08T14:01:40+00:00","dateModified":"2025-10-24T18:22:39+00:00","description":"JDP M\u00e9canique Industrielle, c\u2019est une \u00e9quipe d\u2019experts passionn\u00e9s en ing\u00e9nierie et en m\u00e9canique. Notre mission : concevoir, fabriquer et entretenir vos \u00e9quipements avec rigueur, innovation et efficacit\u00e9.","breadcrumb":{"@id":"https:\/\/www.jdpmecaniqueindustrielle.com\/a-propos\/#breadcrumb"},"inLanguage":"en-CA","potentialAction":[{"@type":"ReadAction","target":["https:\/\/www.jdpmecaniqueindustrielle.com\/a-propos\/"]}]},{"@type":"ImageObject","inLanguage":"en-CA","@id":"https:\/\/www.jdpmecaniqueindustrielle.com\/a-propos\/#primaryimage","url":"https:\/\/www.agencemediatis.com\/jdp\/wp-content\/uploads\/2025\/10\/468564305_558626463696672_1315573845069713461_n.jpg","contentUrl":"https:\/\/www.agencemediatis.com\/jdp\/wp-content\/uploads\/2025\/10\/468564305_558626463696672_1315573845069713461_n.jpg"},{"@type":"BreadcrumbList","@id":"https:\/\/www.jdpmecaniqueindustrielle.com\/a-propos\/#breadcrumb","itemListElement":[{"@type":"ListItem","position":1,"name":"Accueil","item":"https:\/\/www.jdpmecaniqueindustrielle.com\/"},{"@type":"ListItem","position":2,"name":"\u00c0 PROPOS"}]},{"@type":"WebSite","@id":"https:\/\/www.jdpmecaniqueindustrielle.com\/#website","url":"https:\/\/www.jdpmecaniqueindustrielle.com\/","name":"Jdp m\u00e9canique industrielle Inc","description":"","publisher":{"@id":"https:\/\/www.jdpmecaniqueindustrielle.com\/#organization"},"potentialAction":[{"@type":"SearchAction","target":{"@type":"EntryPoint","urlTemplate":"https:\/\/www.jdpmecaniqueindustrielle.com\/?s={search_term_string}"},"query-input":{"@type":"PropertyValueSpecification","valueRequired":true,"valueName":"search_term_string"}}],"inLanguage":"en-CA"},{"@type":"Organization","@id":"https:\/\/www.jdpmecaniqueindustrielle.com\/#organization","name":"Jdp m\u00e9canique industrielle Inc","url":"https:\/\/www.jdpmecaniqueindustrielle.com\/","logo":{"@type":"ImageObject","inLanguage":"en-CA","@id":"https:\/\/www.jdpmecaniqueindustrielle.com\/#\/schema\/logo\/image\/","url":"https:\/\/www.jdpmecaniqueindustrielle.com\/wp-content\/uploads\/2025\/10\/cropped-logo.jpg","contentUrl":"https:\/\/www.jdpmecaniqueindustrielle.com\/wp-content\/uploads\/2025\/10\/cropped-logo.jpg","width":400,"height":386,"caption":"Jdp m\u00e9canique industrielle Inc"},"image":{"@id":"https:\/\/www.jdpmecaniqueindustrielle.com\/#\/schema\/logo\/image\/"}}]}},"_links":{"self":[{"href":"https:\/\/www.jdpmecaniqueindustrielle.com\/en\/wp-json\/wp\/v2\/pages\/10","targetHints":{"allow":["GET"]}}],"collection":[{"href":"https:\/\/www.jdpmecaniqueindustrielle.com\/en\/wp-json\/wp\/v2\/pages"}],"about":[{"href":"https:\/\/www.jdpmecaniqueindustrielle.com\/en\/wp-json\/wp\/v2\/types\/page"}],"author":[{"embeddable":true,"href":"https:\/\/www.jdpmecaniqueindustrielle.com\/en\/wp-json\/wp\/v2\/users\/1"}],"replies":[{"embeddable":true,"href":"https:\/\/www.jdpmecaniqueindustrielle.com\/en\/wp-json\/wp\/v2\/comments?post=10"}],"version-history":[{"count":29,"href":"https:\/\/www.jdpmecaniqueindustrielle.com\/en\/wp-json\/wp\/v2\/pages\/10\/revisions"}],"predecessor-version":[{"id":1022,"href":"https:\/\/www.jdpmecaniqueindustrielle.com\/en\/wp-json\/wp\/v2\/pages\/10\/revisions\/1022"}],"wp:attachment":[{"href":"https:\/\/www.jdpmecaniqueindustrielle.com\/en\/wp-json\/wp\/v2\/media?parent=10"}],"curies":[{"name":"wp","href":"https:\/\/api.w.org\/{rel}","templated":true}]}}