{"id":6,"date":"2025-10-20T18:31:21","date_gmt":"2025-10-20T22:31:21","guid":{"rendered":"https:\/\/www.occasions-plus.com\/?page_id=6"},"modified":"2025-10-24T10:13:08","modified_gmt":"2025-10-24T14:13:08","slug":"politique-confidentialite","status":"publish","type":"page","link":"https:\/\/www.jdpmecaniqueindustrielle.com\/en\/politique-confidentialite\/","title":{"rendered":"Politique de confidentialit\u00e9"},"content":{"rendered":"<h1 data-start=\"135\" data-end=\"186\"><strong data-start=\"137\" data-end=\"186\">Politique de confidentialit\u00e9<\/strong><\/h1>\n<h2 data-start=\"188\" data-end=\"208\">1. Introduction<\/h2>\n<p data-start=\"209\" data-end=\"555\">Chez <strong>Jdp m\u00e9canique industrielle Inc<\/strong>, la protection de vos renseignements personnels est une priorit\u00e9. Cette politique de confidentialit\u00e9 explique quelles informations nous recueillons, comment nous les utilisons, et les mesures que nous prenons pour en assurer la s\u00e9curit\u00e9 lorsque vous utilisez notre site web, nos services ou que vous communiquez avec nous.<\/p>\n<h2 data-start=\"557\" data-end=\"598\">2. Informations que nous recueillons<\/h2>\n<p data-start=\"599\" data-end=\"660\">Nous pouvons recueillir les types d\u2019informations suivants :<\/p>\n<ul data-start=\"661\" data-end=\"1072\">\n<li data-start=\"661\" data-end=\"867\">\n<p data-start=\"663\" data-end=\"867\"><strong data-start=\"663\" data-end=\"692\">Renseignements personnels<\/strong> : nom, pr\u00e9nom, adresse courriel, num\u00e9ro de t\u00e9l\u00e9phone, et toute autre information que vous nous fournissez volontairement (ex. dans un formulaire ou une demande de contact).<\/p>\n<\/li>\n<li data-start=\"868\" data-end=\"981\">\n<p data-start=\"870\" data-end=\"981\"><strong data-start=\"870\" data-end=\"895\">Donn\u00e9es de navigation<\/strong> : adresse IP, type d\u2019appareil, navigateur, pages visit\u00e9es et dur\u00e9e de consultation.<\/p>\n<\/li>\n<li data-start=\"982\" data-end=\"1072\">\n<p data-start=\"984\" data-end=\"1072\"><strong data-start=\"984\" data-end=\"1013\">Donn\u00e9es transactionnelles<\/strong> : informations li\u00e9es \u00e0 vos demandes de service ou d\u2019achat.<\/p>\n<\/li>\n<\/ul>\n<h2 data-start=\"1074\" data-end=\"1110\">3. Utilisation des informations<\/h2>\n<p data-start=\"1111\" data-end=\"1154\">Les renseignements recueillis servent \u00e0 :<\/p>\n<ul data-start=\"1155\" data-end=\"1499\">\n<li data-start=\"1155\" data-end=\"1218\">\n<p data-start=\"1157\" data-end=\"1218\">R\u00e9pondre \u00e0 vos demandes et offrir nos produits et services.<\/p>\n<\/li>\n<li data-start=\"1219\" data-end=\"1268\">\n<p data-start=\"1221\" data-end=\"1268\">Assurer un service \u00e0 la client\u00e8le de qualit\u00e9.<\/p>\n<\/li>\n<li data-start=\"1269\" data-end=\"1320\">\n<p data-start=\"1271\" data-end=\"1320\">Am\u00e9liorer notre site web et nos communications.<\/p>\n<\/li>\n<li data-start=\"1321\" data-end=\"1423\">\n<p data-start=\"1323\" data-end=\"1423\">Vous transmettre, si vous y consentez, des offres promotionnelles ou des informations pertinentes.<\/p>\n<\/li>\n<li data-start=\"1424\" data-end=\"1499\">\n<p data-start=\"1426\" data-end=\"1499\">Respecter nos obligations l\u00e9gales et assurer la s\u00e9curit\u00e9 de nos syst\u00e8mes.<\/p>\n<\/li>\n<\/ul>\n<h2 data-start=\"1501\" data-end=\"1533\">4. Partage des informations<\/h2>\n<p data-start=\"1534\" data-end=\"1638\">Vos renseignements personnels ne sont <strong data-start=\"1572\" data-end=\"1589\">jamais vendus<\/strong>.<br data-start=\"1590\" data-end=\"1593\" \/>Ils peuvent \u00eatre partag\u00e9s uniquement avec :<\/p>\n<ul data-start=\"1639\" data-end=\"1840\">\n<li data-start=\"1639\" data-end=\"1788\">\n<p data-start=\"1641\" data-end=\"1788\">Nos partenaires et fournisseurs de services qui nous aident \u00e0 op\u00e9rer nos activit\u00e9s (h\u00e9bergement, marketing, gestion de la relation client, etc.).<\/p>\n<\/li>\n<li data-start=\"1789\" data-end=\"1840\">\n<p data-start=\"1791\" data-end=\"1840\">Les autorit\u00e9s comp\u00e9tentes lorsque la loi l\u2019exige.<\/p>\n<\/li>\n<\/ul>\n<h2 data-start=\"1842\" data-end=\"1870\">5. S\u00e9curit\u00e9 des donn\u00e9es<\/h2>\n<p data-start=\"1871\" data-end=\"2039\">Nous appliquons des mesures de s\u00e9curit\u00e9 physiques, \u00e9lectroniques et administratives pour prot\u00e9ger vos donn\u00e9es contre tout acc\u00e8s non autoris\u00e9, perte, vol ou divulgation.<\/p>\n<h2 data-start=\"2041\" data-end=\"2070\">6. Dur\u00e9e de conservation<\/h2>\n<p data-start=\"2071\" data-end=\"2263\">Nous conservons vos renseignements personnels uniquement pour la dur\u00e9e n\u00e9cessaire \u00e0 la r\u00e9alisation des fins pour lesquelles ils ont \u00e9t\u00e9 recueillis, ou selon les obligations pr\u00e9vues par la loi.<\/p>\n<h2 data-start=\"2265\" data-end=\"2283\">7. Vos droits<\/h2>\n<p data-start=\"2284\" data-end=\"2309\">Vous avez le droit de :<\/p>\n<ul data-start=\"2310\" data-end=\"2487\">\n<li data-start=\"2310\" data-end=\"2354\">\n<p data-start=\"2312\" data-end=\"2354\">Acc\u00e9der \u00e0 vos renseignements personnels.<\/p>\n<\/li>\n<li data-start=\"2355\" data-end=\"2407\">\n<p data-start=\"2357\" data-end=\"2407\">Demander leur rectification ou leur suppression.<\/p>\n<\/li>\n<li data-start=\"2408\" data-end=\"2487\">\n<p data-start=\"2410\" data-end=\"2487\">Retirer votre consentement \u00e0 tout moment pour les communications marketing.<\/p>\n<\/li>\n<\/ul>\n<p data-start=\"2489\" data-end=\"2666\">Pour exercer vos droits ou pour toute question concernant la protection de vos donn\u00e9es, contactez-nous \u00e0 contact@jdpmecaniqueindustrielle.com.<\/p>\n<h2 data-start=\"2668\" data-end=\"2704\">8. Modifications \u00e0 la politique<\/h2>\n<p data-start=\"2705\" data-end=\"2860\">Occasions Plus se r\u00e9serve le droit de modifier cette politique \u00e0 tout moment. Toute modification sera publi\u00e9e sur cette page avec la date de mise \u00e0 jour.<\/p>\n<p data-start=\"2862\" data-end=\"2906\"><strong data-start=\"2862\" data-end=\"2906\">Derni\u00e8re mise \u00e0 jour : 24 octobre 2025<\/strong><\/p>","protected":false},"excerpt":{"rendered":"<p>Politique de confidentialit\u00e9 1. Introduction Chez Jdp m\u00e9canique industrielle Inc, la protection de vos renseignements personnels est une priorit\u00e9. Cette politique de confidentialit\u00e9 explique quelles informations<span class=\"excerpt-hellip\"> [\u2026]<\/span><\/p>","protected":false},"author":1,"featured_media":0,"parent":0,"menu_order":0,"comment_status":"closed","ping_status":"closed","template":"","meta":{"footnotes":""},"class_list":["post-6","page","type-page","status-publish","hentry"],"yoast_head":"<!-- This site is optimized with the Yoast SEO plugin v26.2 - https:\/\/yoast.com\/wordpress\/plugins\/seo\/ -->\n<title>Politique de confidentialit\u00e9 - Jdp m\u00e9canique industrielle Inc<\/title>\n<meta name=\"description\" content=\"D\u00e9couvrez comment JDP M\u00e9canique Industrielle prot\u00e8ge vos renseignements personnels. Notre politique de confidentialit\u00e9 explique la collecte, l\u2019utilisation et la s\u00e9curit\u00e9 de vos donn\u00e9es avec transparence et int\u00e9grit\u00e9.\" \/>\n<meta name=\"robots\" content=\"noindex, nofollow\" \/>\n<meta property=\"og:locale\" content=\"en_US\" \/>\n<meta property=\"og:type\" content=\"article\" \/>\n<meta property=\"og:title\" content=\"Politique de confidentialit\u00e9 - Jdp m\u00e9canique industrielle Inc\" \/>\n<meta property=\"og:description\" content=\"D\u00e9couvrez comment JDP M\u00e9canique Industrielle prot\u00e8ge vos renseignements personnels. Notre politique de confidentialit\u00e9 explique la collecte, l\u2019utilisation et la s\u00e9curit\u00e9 de vos donn\u00e9es avec transparence et int\u00e9grit\u00e9.\" \/>\n<meta property=\"og:url\" content=\"https:\/\/www.jdpmecaniqueindustrielle.com\/en\/politique-confidentialite\/\" \/>\n<meta property=\"og:site_name\" content=\"Jdp m\u00e9canique industrielle Inc\" \/>\n<meta property=\"article:modified_time\" content=\"2025-10-24T14:13:08+00:00\" \/>\n<meta name=\"twitter:card\" content=\"summary_large_image\" \/>\n<meta name=\"twitter:label1\" content=\"Est. reading time\" \/>\n\t<meta name=\"twitter:data1\" content=\"2 minutes\" \/>\n<script type=\"application\/ld+json\" class=\"yoast-schema-graph\">{\"@context\":\"https:\/\/schema.org\",\"@graph\":[{\"@type\":\"WebPage\",\"@id\":\"https:\/\/www.jdpmecaniqueindustrielle.com\/politique-confidentialite\/\",\"url\":\"https:\/\/www.jdpmecaniqueindustrielle.com\/politique-confidentialite\/\",\"name\":\"Politique de confidentialit\u00e9 - Jdp m\u00e9canique industrielle Inc\",\"isPartOf\":{\"@id\":\"https:\/\/www.jdpmecaniqueindustrielle.com\/#website\"},\"datePublished\":\"2025-10-20T22:31:21+00:00\",\"dateModified\":\"2025-10-24T14:13:08+00:00\",\"description\":\"D\u00e9couvrez comment JDP M\u00e9canique Industrielle prot\u00e8ge vos renseignements personnels. Notre politique de confidentialit\u00e9 explique la collecte, l\u2019utilisation et la s\u00e9curit\u00e9 de vos donn\u00e9es avec transparence et int\u00e9grit\u00e9.\",\"breadcrumb\":{\"@id\":\"https:\/\/www.jdpmecaniqueindustrielle.com\/politique-confidentialite\/#breadcrumb\"},\"inLanguage\":\"en-CA\",\"potentialAction\":[{\"@type\":\"ReadAction\",\"target\":[\"https:\/\/www.jdpmecaniqueindustrielle.com\/politique-confidentialite\/\"]}]},{\"@type\":\"BreadcrumbList\",\"@id\":\"https:\/\/www.jdpmecaniqueindustrielle.com\/politique-confidentialite\/#breadcrumb\",\"itemListElement\":[{\"@type\":\"ListItem\",\"position\":1,\"name\":\"Accueil\",\"item\":\"https:\/\/www.jdpmecaniqueindustrielle.com\/\"},{\"@type\":\"ListItem\",\"position\":2,\"name\":\"Politique de confidentialit\u00e9\"}]},{\"@type\":\"WebSite\",\"@id\":\"https:\/\/www.jdpmecaniqueindustrielle.com\/#website\",\"url\":\"https:\/\/www.jdpmecaniqueindustrielle.com\/\",\"name\":\"Jdp m\u00e9canique industrielle Inc\",\"description\":\"\",\"publisher\":{\"@id\":\"https:\/\/www.jdpmecaniqueindustrielle.com\/#organization\"},\"potentialAction\":[{\"@type\":\"SearchAction\",\"target\":{\"@type\":\"EntryPoint\",\"urlTemplate\":\"https:\/\/www.jdpmecaniqueindustrielle.com\/?s={search_term_string}\"},\"query-input\":{\"@type\":\"PropertyValueSpecification\",\"valueRequired\":true,\"valueName\":\"search_term_string\"}}],\"inLanguage\":\"en-CA\"},{\"@type\":\"Organization\",\"@id\":\"https:\/\/www.jdpmecaniqueindustrielle.com\/#organization\",\"name\":\"Jdp m\u00e9canique industrielle Inc\",\"url\":\"https:\/\/www.jdpmecaniqueindustrielle.com\/\",\"logo\":{\"@type\":\"ImageObject\",\"inLanguage\":\"en-CA\",\"@id\":\"https:\/\/www.jdpmecaniqueindustrielle.com\/#\/schema\/logo\/image\/\",\"url\":\"https:\/\/www.jdpmecaniqueindustrielle.com\/wp-content\/uploads\/2025\/10\/cropped-logo.jpg\",\"contentUrl\":\"https:\/\/www.jdpmecaniqueindustrielle.com\/wp-content\/uploads\/2025\/10\/cropped-logo.jpg\",\"width\":400,\"height\":386,\"caption\":\"Jdp m\u00e9canique industrielle Inc\"},\"image\":{\"@id\":\"https:\/\/www.jdpmecaniqueindustrielle.com\/#\/schema\/logo\/image\/\"}}]}<\/script>\n<!-- \/ Yoast SEO plugin. -->","yoast_head_json":{"title":"Politique de confidentialit\u00e9 - Jdp m\u00e9canique industrielle Inc","description":"D\u00e9couvrez comment JDP M\u00e9canique Industrielle prot\u00e8ge vos renseignements personnels. Notre politique de confidentialit\u00e9 explique la collecte, l\u2019utilisation et la s\u00e9curit\u00e9 de vos donn\u00e9es avec transparence et int\u00e9grit\u00e9.","robots":{"index":"noindex","follow":"nofollow"},"og_locale":"en_US","og_type":"article","og_title":"Politique de confidentialit\u00e9 - Jdp m\u00e9canique industrielle Inc","og_description":"D\u00e9couvrez comment JDP M\u00e9canique Industrielle prot\u00e8ge vos renseignements personnels. Notre politique de confidentialit\u00e9 explique la collecte, l\u2019utilisation et la s\u00e9curit\u00e9 de vos donn\u00e9es avec transparence et int\u00e9grit\u00e9.","og_url":"https:\/\/www.jdpmecaniqueindustrielle.com\/en\/politique-confidentialite\/","og_site_name":"Jdp m\u00e9canique industrielle Inc","article_modified_time":"2025-10-24T14:13:08+00:00","twitter_card":"summary_large_image","twitter_misc":{"Est. reading time":"2 minutes"},"schema":{"@context":"https:\/\/schema.org","@graph":[{"@type":"WebPage","@id":"https:\/\/www.jdpmecaniqueindustrielle.com\/politique-confidentialite\/","url":"https:\/\/www.jdpmecaniqueindustrielle.com\/politique-confidentialite\/","name":"Politique de confidentialit\u00e9 - Jdp m\u00e9canique industrielle Inc","isPartOf":{"@id":"https:\/\/www.jdpmecaniqueindustrielle.com\/#website"},"datePublished":"2025-10-20T22:31:21+00:00","dateModified":"2025-10-24T14:13:08+00:00","description":"D\u00e9couvrez comment JDP M\u00e9canique Industrielle prot\u00e8ge vos renseignements personnels. Notre politique de confidentialit\u00e9 explique la collecte, l\u2019utilisation et la s\u00e9curit\u00e9 de vos donn\u00e9es avec transparence et int\u00e9grit\u00e9.","breadcrumb":{"@id":"https:\/\/www.jdpmecaniqueindustrielle.com\/politique-confidentialite\/#breadcrumb"},"inLanguage":"en-CA","potentialAction":[{"@type":"ReadAction","target":["https:\/\/www.jdpmecaniqueindustrielle.com\/politique-confidentialite\/"]}]},{"@type":"BreadcrumbList","@id":"https:\/\/www.jdpmecaniqueindustrielle.com\/politique-confidentialite\/#breadcrumb","itemListElement":[{"@type":"ListItem","position":1,"name":"Accueil","item":"https:\/\/www.jdpmecaniqueindustrielle.com\/"},{"@type":"ListItem","position":2,"name":"Politique de confidentialit\u00e9"}]},{"@type":"WebSite","@id":"https:\/\/www.jdpmecaniqueindustrielle.com\/#website","url":"https:\/\/www.jdpmecaniqueindustrielle.com\/","name":"Jdp m\u00e9canique industrielle Inc","description":"","publisher":{"@id":"https:\/\/www.jdpmecaniqueindustrielle.com\/#organization"},"potentialAction":[{"@type":"SearchAction","target":{"@type":"EntryPoint","urlTemplate":"https:\/\/www.jdpmecaniqueindustrielle.com\/?s={search_term_string}"},"query-input":{"@type":"PropertyValueSpecification","valueRequired":true,"valueName":"search_term_string"}}],"inLanguage":"en-CA"},{"@type":"Organization","@id":"https:\/\/www.jdpmecaniqueindustrielle.com\/#organization","name":"Jdp m\u00e9canique industrielle Inc","url":"https:\/\/www.jdpmecaniqueindustrielle.com\/","logo":{"@type":"ImageObject","inLanguage":"en-CA","@id":"https:\/\/www.jdpmecaniqueindustrielle.com\/#\/schema\/logo\/image\/","url":"https:\/\/www.jdpmecaniqueindustrielle.com\/wp-content\/uploads\/2025\/10\/cropped-logo.jpg","contentUrl":"https:\/\/www.jdpmecaniqueindustrielle.com\/wp-content\/uploads\/2025\/10\/cropped-logo.jpg","width":400,"height":386,"caption":"Jdp m\u00e9canique industrielle Inc"},"image":{"@id":"https:\/\/www.jdpmecaniqueindustrielle.com\/#\/schema\/logo\/image\/"}}]}},"_links":{"self":[{"href":"https:\/\/www.jdpmecaniqueindustrielle.com\/en\/wp-json\/wp\/v2\/pages\/6","targetHints":{"allow":["GET"]}}],"collection":[{"href":"https:\/\/www.jdpmecaniqueindustrielle.com\/en\/wp-json\/wp\/v2\/pages"}],"about":[{"href":"https:\/\/www.jdpmecaniqueindustrielle.com\/en\/wp-json\/wp\/v2\/types\/page"}],"author":[{"embeddable":true,"href":"https:\/\/www.jdpmecaniqueindustrielle.com\/en\/wp-json\/wp\/v2\/users\/1"}],"replies":[{"embeddable":true,"href":"https:\/\/www.jdpmecaniqueindustrielle.com\/en\/wp-json\/wp\/v2\/comments?post=6"}],"version-history":[{"count":4,"href":"https:\/\/www.jdpmecaniqueindustrielle.com\/en\/wp-json\/wp\/v2\/pages\/6\/revisions"}],"predecessor-version":[{"id":1012,"href":"https:\/\/www.jdpmecaniqueindustrielle.com\/en\/wp-json\/wp\/v2\/pages\/6\/revisions\/1012"}],"wp:attachment":[{"href":"https:\/\/www.jdpmecaniqueindustrielle.com\/en\/wp-json\/wp\/v2\/media?parent=6"}],"curies":[{"name":"wp","href":"https:\/\/api.w.org\/{rel}","templated":true}]}}