{"id":813,"date":"2025-09-28T13:30:03","date_gmt":"2025-09-28T17:30:03","guid":{"rendered":"https:\/\/www.occasions-plus.com\/?page_id=813"},"modified":"2025-10-24T10:11:33","modified_gmt":"2025-10-24T14:11:33","slug":"demande-de-soumission","status":"publish","type":"page","link":"https:\/\/www.jdpmecaniqueindustrielle.com\/en\/demande-de-soumission\/","title":{"rendered":"GET A QUOTE"},"content":{"rendered":"<div data-elementor-type=\"wp-page\" data-elementor-id=\"813\" class=\"elementor elementor-813\">\n\t\t\t\t\t\t<section class=\"elementor-section elementor-top-section elementor-element elementor-element-af5fcab elementor-section-height-min-height elementor-section-items-bottom elementor-section-stretched elementor-section-boxed elementor-section-height-default\" data-id=\"af5fcab\" data-element_type=\"section\" data-settings=\"{&quot;stretch_section&quot;:&quot;section-stretched&quot;,&quot;background_background&quot;:&quot;classic&quot;}\">\n\t\t\t\t\t\t<div class=\"elementor-container elementor-column-gap-wider\">\n\t\t\t\t\t<div class=\"elementor-column elementor-col-100 elementor-top-column elementor-element elementor-element-3f85430\" data-id=\"3f85430\" data-element_type=\"column\">\n\t\t\t<div class=\"elementor-widget-wrap elementor-element-populated\">\n\t\t\t\t\t\t<section class=\"elementor-section elementor-inner-section elementor-element elementor-element-b8f7eee elementor-section-boxed elementor-section-height-default elementor-section-height-default\" data-id=\"b8f7eee\" data-element_type=\"section\">\n\t\t\t\t\t\t<div class=\"elementor-container elementor-column-gap-default\">\n\t\t\t\t\t<div class=\"elementor-column elementor-col-100 elementor-inner-column elementor-element elementor-element-0240490\" data-id=\"0240490\" data-element_type=\"column\">\n\t\t\t<div class=\"elementor-widget-wrap elementor-element-populated\">\n\t\t\t\t\t\t<div class=\"elementor-element elementor-element-d6f7363 elementor-widget__width-auto elementor-invisible elementor-widget elementor-widget-heading\" data-id=\"d6f7363\" data-element_type=\"widget\" data-settings=\"{&quot;_animation&quot;:&quot;fadeInUp&quot;}\" data-widget_type=\"heading.default\">\n\t\t\t\t\t<h2 class=\"elementor-heading-title elementor-size-default\">Request a free quote<\/h2>\t\t\t\t<\/div>\n\t\t\t\t\t<\/div>\n\t\t<\/div>\n\t\t\t\t\t<\/div>\n\t\t<\/section>\n\t\t\t\t\t<\/div>\n\t\t<\/div>\n\t\t\t\t\t<\/div>\n\t\t<\/section>\n\t\t<div class=\"elementor-element elementor-element-419a2fa e-flex e-con-boxed e-con e-parent\" data-id=\"419a2fa\" data-element_type=\"container\">\n\t\t\t\t\t<div class=\"e-con-inner\">\n\t\t\t\t<div class=\"elementor-element elementor-element-73b3376 elementor-widget elementor-widget-text-editor\" data-id=\"73b3376\" data-element_type=\"widget\" data-widget_type=\"text-editor.default\">\n\t\t\t\t\t\t\t\t\t<h4>Do you have an installation, maintenance or industrial design project? Contact us <strong>JDP Mechanics Industrial Inc.<\/strong> from today.<\/h4><h4>Please fill out the form below and a member of our team will get back to you shortly.<\/h4>\t\t\t\t\t\t\t\t<\/div>\n\t\t\t\t\t<\/div>\n\t\t\t\t<\/div>\n\t\t<div class=\"elementor-element elementor-element-7f4b304 e-flex e-con-boxed e-con e-parent\" data-id=\"7f4b304\" data-element_type=\"container\">\n\t\t\t\t\t<div class=\"e-con-inner\">\n\t\t\t\t<div class=\"elementor-element elementor-element-9a28a7b elementor-widget elementor-widget-wpforms\" data-id=\"9a28a7b\" data-element_type=\"widget\" data-widget_type=\"wpforms.default\">\n\t\t\t\t<div class=\"elementor-widget-container\">\n\t\t\t\t\t<div class=\"wpforms-container wpforms-container-full\" id=\"wpforms-777\"><form id=\"wpforms-form-777\" class=\"wpforms-validate wpforms-form\" data-formid=\"777\" method=\"post\" enctype=\"multipart\/form-data\" action=\"\/en\/wp-json\/wp\/v2\/pages\/813?wpforms_form_id=777\" data-token=\"9d8c8eda7aae0c3dfa6830e208eb49bb\" data-trp-original-action=\"\/en\/wp-json\/wp\/v2\/pages\/813?wpforms_form_id=777\"><noscript class=\"wpforms-error-noscript\">Please enable JavaScript in your browser to complete this form.<\/noscript><div class=\"wpforms-field-container\"><div id=\"wpforms-777-field_0-container\" class=\"wpforms-field wpforms-field-text\" data-field-id=\"0\"><label class=\"wpforms-field-label\" for=\"wpforms-777-field_0\">Name &amp; Surname <span class=\"wpforms-required-label\">*<\/span><\/label><input type=\"text\" id=\"wpforms-777-field_0\" class=\"wpforms-field-large wpforms-field-required\" name=\"wpforms[fields][0]\" required><\/div><div id=\"wpforms-777-field_13-container\" class=\"wpforms-field wpforms-field-text\" data-field-id=\"13\"><label class=\"wpforms-field-label\" for=\"wpforms-777-field_13\">Business<\/label><input type=\"text\" id=\"wpforms-777-field_13\" class=\"wpforms-field-large\" name=\"wpforms[fields][13]\" ><\/div><div id=\"wpforms-777-field_1-container\" class=\"wpforms-field wpforms-field-email\" data-field-id=\"1\"><label class=\"wpforms-field-label\" for=\"wpforms-777-field_1\">E-mail<\/label><input type=\"email\" id=\"wpforms-777-field_1\" class=\"wpforms-field-large\" name=\"wpforms[fields][1]\" ><\/div><div id=\"wpforms-777-field_2-container\" class=\"wpforms-field wpforms-field-phone\" data-field-id=\"2\"><label class=\"wpforms-field-label\" for=\"wpforms-777-field_2\">Phone Number <span class=\"wpforms-required-label\">*<\/span><\/label><input type=\"tel\" id=\"wpforms-777-field_2\" class=\"wpforms-field-large wpforms-field-required\" data-rule-int-phone-field=\"true\" name=\"wpforms[fields][2]\" required><\/div><div id=\"wpforms-777-field_4-container\" class=\"wpforms-field wpforms-field-checkbox\" data-field-id=\"4\"><label class=\"wpforms-field-label\" for=\"wpforms-777-field_4\">Type of service sought<\/label><ul id=\"wpforms-777-field_4\"><li class=\"choice-1 depth-1\"><input type=\"checkbox\" id=\"wpforms-777-field_4_1\" name=\"wpforms[fields][4][]\" value=\"M\u00e9canique\"  ><label class=\"wpforms-field-label-inline\" for=\"wpforms-777-field_4_1\">Mechanical<\/label><\/li><li class=\"choice-2 depth-1\"><input type=\"checkbox\" id=\"wpforms-777-field_4_2\" name=\"wpforms[fields][4][]\" value=\"\u00c9lectricit\u00e9\"  ><label class=\"wpforms-field-label-inline\" for=\"wpforms-777-field_4_2\">Electricity<\/label><\/li><li class=\"choice-4 depth-1\"><input type=\"checkbox\" id=\"wpforms-777-field_4_4\" name=\"wpforms[fields][4][]\" value=\"Soudure (Acier, Mig, Tig)\"  ><label class=\"wpforms-field-label-inline\" for=\"wpforms-777-field_4_4\">Welding (Steel, Mig, Tig)<\/label><\/li><li class=\"choice-3 depth-1\"><input type=\"checkbox\" id=\"wpforms-777-field_4_3\" name=\"wpforms[fields][4][]\" value=\"Usinage\"  ><label class=\"wpforms-field-label-inline\" for=\"wpforms-777-field_4_3\">Machining<\/label><\/li><li class=\"choice-5 depth-1\"><input type=\"checkbox\" id=\"wpforms-777-field_4_5\" name=\"wpforms[fields][4][]\" value=\"Autre\"  ><label class=\"wpforms-field-label-inline\" for=\"wpforms-777-field_4_5\">Other<\/label><\/li><\/ul><\/div><div id=\"wpforms-777-field_12-container\" class=\"wpforms-field wpforms-field-textarea\" data-field-id=\"12\"><label class=\"wpforms-field-label\" for=\"wpforms-777-field_12\">Project Description<\/label><textarea id=\"wpforms-777-field_12\" class=\"wpforms-field-medium\" name=\"wpforms[fields][12]\" ><\/textarea><\/div><div id=\"wpforms-777-field_14-container\" class=\"wpforms-field wpforms-field-file-upload\" data-field-id=\"14\"><label class=\"wpforms-field-label\" for=\"wpforms-777-field_14\">Uploading files (plans, photos, quotes, etc.)<\/label><div\n\t\tclass=\"wpforms-uploader\"\n\t\tdata-field-id=\"14\"\n\t\tdata-form-id=\"777\"\n\t\tdata-input-name=\"wpforms_777_14\"\n\t\tdata-extensions=\"jpg,jpeg,jpe,gif,png,bmp,tiff,tif,webp,avif,ico,heic,heif,heics,heifs,asf,asx,wmv,wmx,wm,avi,divx,mov,qt,mpeg,mpg,mpe,mp4,m4v,ogv,webm,mkv,3gp,3gpp,3g2,3gp2,txt,asc,c,cc,h,srt,csv,tsv,ics,rtx,css,vtt,mp3,m4a,m4b,aac,ra,ram,wav,ogg,oga,flac,mid,midi,wma,wax,mka,rtf,pdf,class,tar,zip,gz,gzip,rar,7z,psd,xcf,doc,pot,pps,ppt,wri,xla,xls,xlt,xlw,mpp,docx,docm,dotx,dotm,xlsx,xlsm,xlsb,xltx,xltm,xlam,pptx,pptm,ppsx,ppsm,potx,potm,ppam,sldx,sldm,onetoc,onetoc2,onepkg,oxps,xps,odt,odp,ods,odg,odc,odb,odf,wp,wpd,key,numbers,pages,svg,woff,ttf,svgz,json\"\n\t\tdata-max-size=\"2097152\"\n\t\tdata-max-file-number=\"10\"\n\t\tdata-post-max-size=\"2097152\"\n\t\tdata-max-parallel-uploads=\"4\"\n\t\tdata-parallel-uploads=\"true\"\n\t\tdata-file-chunk-size=\"2097152\">\n\t<div class=\"dz-message\">\n\t\t<svg viewbox=\"0 0 1024 1024\" focusable=\"false\" data-icon=\"inbox\" width=\"50px\" height=\"50px\" fill=\"#b1b1b1\" aria-hidden=\"true\">\n\t\t\t<path d=\"M885.2 446.3l-.2-.8-112.2-285.1c-5-16.1-19.9-27.2-36.8-27.2H281.2c-17 0-32.1 11.3-36.9 27.6L139.4 443l-.3.7-.2.8c-1.3 4.9-1.7 9.9-1 14.8-.1 1.6-.2 3.2-.2 4.8V830a60.9 60.9 0 0 0 60.8 60.8h627.2c33.5 0 60.8-27.3 60.9-60.8V464.1c0-1.3 0-2.6-.1-3.7.4-4.9 0-9.6-1.3-14.1zm-295.8-43l-.3 15.7c-.8 44.9-31.8 75.1-77.1 75.1-22.1 0-41.1-7.1-54.8-20.6S436 441.2 435.6 419l-.3-15.7H229.5L309 210h399.2l81.7 193.3H589.4zm-375 76.8h157.3c24.3 57.1 76 90.8 140.4 90.8 33.7 0 65-9.4 90.3-27.2 22.2-15.6 39.5-37.4 50.7-63.6h156.5V814H214.4V480.1z\"><\/path>\n\t\t<\/svg>\n\t\t<span class=\"modern-title\">Click or drag files to this area to upload.<\/span>\n\n\t\t\t\t\t<span class=\"modern-hint\">You can upload up to 10 files.<\/span>\n\t\t\t<\/div>\n<\/div>\n<input\n\t\ttype=\"text\"\n\t\tautocomplete=\"off\"\n\t\tclass=\"dropzone-input\"\n\t\tstyle=\"position:absolute!important;clip:rect(0,0,0,0)!important;height:1px!important;width:1px!important;border:0!important;overflow:hidden!important;padding:0!important;margin:0!important;\"\n\t\tid=\"wpforms-777-field_14\"\n\t\tname=\"wpforms_777_14\" \t\tvalue=\"\">\n<\/div><\/div><div class=\"wpforms-submit-container\"><input type=\"hidden\" name=\"wpforms[id]\" value=\"777\"><input type=\"hidden\" name=\"wpforms[author]\" value=\"1\"><button type=\"submit\" name=\"wpforms[submit]\" id=\"wpforms-submit-777\" class=\"wpforms-submit\" aria-live=\"assertive\" value=\"wpforms-submit\">Send<\/button><\/div><input type=\"hidden\" name=\"trp-form-language\" value=\"en\"\/><\/form><\/div>  <!-- .wpforms-container -->\t\t\t\t<\/div>\n\t\t\t\t<\/div>\n\t\t\t\t\t<\/div>\n\t\t\t\t<\/div>\n\t\t\t\t<\/div>","protected":false},"excerpt":{"rendered":"<p>Demandez une soumission gratuite Vous avez un projet d\u2019installation, de maintenance ou de conception industrielle ? Faites appel \u00e0 JDP M\u00e9canique Industrielle Inc. d\u00e8s aujourd\u2019hui. Veuillez<span class=\"excerpt-hellip\"> [\u2026]<\/span><\/p>","protected":false},"author":1,"featured_media":0,"parent":0,"menu_order":0,"comment_status":"open","ping_status":"closed","template":"","meta":{"footnotes":""},"class_list":["post-813","page","type-page","status-publish","hentry"],"yoast_head":"<!-- This site is optimized with the Yoast SEO plugin v26.2 - https:\/\/yoast.com\/wordpress\/plugins\/seo\/ -->\n<title>DEMANDE DE SOUMISSION - Jdp m\u00e9canique industrielle Inc<\/title>\n<meta name=\"description\" content=\"Faites une demande de soumission d\u00e8s aujourd\u2019hui pour vos besoins en conception, installation ou entretien d\u2019\u00e9quipements industriels. Notre \u00e9quipe vous proposera une solution adapt\u00e9e et efficace.\" \/>\n<meta name=\"robots\" content=\"index, follow, max-snippet:-1, max-image-preview:large, max-video-preview:-1\" \/>\n<link rel=\"canonical\" href=\"https:\/\/www.jdpmecaniqueindustrielle.com\/en\/demande-de-soumission\/\" \/>\n<meta property=\"og:locale\" content=\"en_US\" \/>\n<meta property=\"og:type\" content=\"article\" \/>\n<meta property=\"og:title\" content=\"DEMANDE DE SOUMISSION - Jdp m\u00e9canique industrielle Inc\" \/>\n<meta property=\"og:description\" content=\"Faites une demande de soumission d\u00e8s aujourd\u2019hui pour vos besoins en conception, installation ou entretien d\u2019\u00e9quipements industriels. Notre \u00e9quipe vous proposera une solution adapt\u00e9e et efficace.\" \/>\n<meta property=\"og:url\" content=\"https:\/\/www.jdpmecaniqueindustrielle.com\/en\/demande-de-soumission\/\" \/>\n<meta property=\"og:site_name\" content=\"Jdp m\u00e9canique industrielle Inc\" \/>\n<meta property=\"article:modified_time\" content=\"2025-10-24T14:11:33+00:00\" \/>\n<meta name=\"twitter:card\" content=\"summary_large_image\" \/>\n<meta name=\"twitter:label1\" content=\"Est. reading time\" \/>\n\t<meta name=\"twitter:data1\" content=\"1 minute\" \/>\n<script type=\"application\/ld+json\" class=\"yoast-schema-graph\">{\"@context\":\"https:\/\/schema.org\",\"@graph\":[{\"@type\":\"WebPage\",\"@id\":\"https:\/\/www.jdpmecaniqueindustrielle.com\/demande-de-soumission\/\",\"url\":\"https:\/\/www.jdpmecaniqueindustrielle.com\/demande-de-soumission\/\",\"name\":\"DEMANDE DE SOUMISSION - Jdp m\u00e9canique industrielle Inc\",\"isPartOf\":{\"@id\":\"https:\/\/www.jdpmecaniqueindustrielle.com\/#website\"},\"datePublished\":\"2025-09-28T17:30:03+00:00\",\"dateModified\":\"2025-10-24T14:11:33+00:00\",\"description\":\"Faites une demande de soumission d\u00e8s aujourd\u2019hui pour vos besoins en conception, installation ou entretien d\u2019\u00e9quipements industriels. Notre \u00e9quipe vous proposera une solution adapt\u00e9e et efficace.\",\"breadcrumb\":{\"@id\":\"https:\/\/www.jdpmecaniqueindustrielle.com\/demande-de-soumission\/#breadcrumb\"},\"inLanguage\":\"en-CA\",\"potentialAction\":[{\"@type\":\"ReadAction\",\"target\":[\"https:\/\/www.jdpmecaniqueindustrielle.com\/demande-de-soumission\/\"]}]},{\"@type\":\"BreadcrumbList\",\"@id\":\"https:\/\/www.jdpmecaniqueindustrielle.com\/demande-de-soumission\/#breadcrumb\",\"itemListElement\":[{\"@type\":\"ListItem\",\"position\":1,\"name\":\"Accueil\",\"item\":\"https:\/\/www.jdpmecaniqueindustrielle.com\/\"},{\"@type\":\"ListItem\",\"position\":2,\"name\":\"DEMANDE DE SOUMISSION\"}]},{\"@type\":\"WebSite\",\"@id\":\"https:\/\/www.jdpmecaniqueindustrielle.com\/#website\",\"url\":\"https:\/\/www.jdpmecaniqueindustrielle.com\/\",\"name\":\"Jdp m\u00e9canique industrielle Inc\",\"description\":\"\",\"publisher\":{\"@id\":\"https:\/\/www.jdpmecaniqueindustrielle.com\/#organization\"},\"potentialAction\":[{\"@type\":\"SearchAction\",\"target\":{\"@type\":\"EntryPoint\",\"urlTemplate\":\"https:\/\/www.jdpmecaniqueindustrielle.com\/?s={search_term_string}\"},\"query-input\":{\"@type\":\"PropertyValueSpecification\",\"valueRequired\":true,\"valueName\":\"search_term_string\"}}],\"inLanguage\":\"en-CA\"},{\"@type\":\"Organization\",\"@id\":\"https:\/\/www.jdpmecaniqueindustrielle.com\/#organization\",\"name\":\"Jdp m\u00e9canique industrielle Inc\",\"url\":\"https:\/\/www.jdpmecaniqueindustrielle.com\/\",\"logo\":{\"@type\":\"ImageObject\",\"inLanguage\":\"en-CA\",\"@id\":\"https:\/\/www.jdpmecaniqueindustrielle.com\/#\/schema\/logo\/image\/\",\"url\":\"https:\/\/www.jdpmecaniqueindustrielle.com\/wp-content\/uploads\/2025\/10\/cropped-logo.jpg\",\"contentUrl\":\"https:\/\/www.jdpmecaniqueindustrielle.com\/wp-content\/uploads\/2025\/10\/cropped-logo.jpg\",\"width\":400,\"height\":386,\"caption\":\"Jdp m\u00e9canique industrielle Inc\"},\"image\":{\"@id\":\"https:\/\/www.jdpmecaniqueindustrielle.com\/#\/schema\/logo\/image\/\"}}]}<\/script>\n<!-- \/ Yoast SEO plugin. -->","yoast_head_json":{"title":"DEMANDE DE SOUMISSION - Jdp m\u00e9canique industrielle Inc","description":"Faites une demande de soumission d\u00e8s aujourd\u2019hui pour vos besoins en conception, installation ou entretien d\u2019\u00e9quipements industriels. Notre \u00e9quipe vous proposera une solution adapt\u00e9e et efficace.","robots":{"index":"index","follow":"follow","max-snippet":"max-snippet:-1","max-image-preview":"max-image-preview:large","max-video-preview":"max-video-preview:-1"},"canonical":"https:\/\/www.jdpmecaniqueindustrielle.com\/en\/demande-de-soumission\/","og_locale":"en_US","og_type":"article","og_title":"DEMANDE DE SOUMISSION - Jdp m\u00e9canique industrielle Inc","og_description":"Faites une demande de soumission d\u00e8s aujourd\u2019hui pour vos besoins en conception, installation ou entretien d\u2019\u00e9quipements industriels. Notre \u00e9quipe vous proposera une solution adapt\u00e9e et efficace.","og_url":"https:\/\/www.jdpmecaniqueindustrielle.com\/en\/demande-de-soumission\/","og_site_name":"Jdp m\u00e9canique industrielle Inc","article_modified_time":"2025-10-24T14:11:33+00:00","twitter_card":"summary_large_image","twitter_misc":{"Est. reading time":"1 minute"},"schema":{"@context":"https:\/\/schema.org","@graph":[{"@type":"WebPage","@id":"https:\/\/www.jdpmecaniqueindustrielle.com\/demande-de-soumission\/","url":"https:\/\/www.jdpmecaniqueindustrielle.com\/demande-de-soumission\/","name":"DEMANDE DE SOUMISSION - Jdp m\u00e9canique industrielle Inc","isPartOf":{"@id":"https:\/\/www.jdpmecaniqueindustrielle.com\/#website"},"datePublished":"2025-09-28T17:30:03+00:00","dateModified":"2025-10-24T14:11:33+00:00","description":"Faites une demande de soumission d\u00e8s aujourd\u2019hui pour vos besoins en conception, installation ou entretien d\u2019\u00e9quipements industriels. Notre \u00e9quipe vous proposera une solution adapt\u00e9e et efficace.","breadcrumb":{"@id":"https:\/\/www.jdpmecaniqueindustrielle.com\/demande-de-soumission\/#breadcrumb"},"inLanguage":"en-CA","potentialAction":[{"@type":"ReadAction","target":["https:\/\/www.jdpmecaniqueindustrielle.com\/demande-de-soumission\/"]}]},{"@type":"BreadcrumbList","@id":"https:\/\/www.jdpmecaniqueindustrielle.com\/demande-de-soumission\/#breadcrumb","itemListElement":[{"@type":"ListItem","position":1,"name":"Accueil","item":"https:\/\/www.jdpmecaniqueindustrielle.com\/"},{"@type":"ListItem","position":2,"name":"DEMANDE DE SOUMISSION"}]},{"@type":"WebSite","@id":"https:\/\/www.jdpmecaniqueindustrielle.com\/#website","url":"https:\/\/www.jdpmecaniqueindustrielle.com\/","name":"Jdp m\u00e9canique industrielle Inc","description":"","publisher":{"@id":"https:\/\/www.jdpmecaniqueindustrielle.com\/#organization"},"potentialAction":[{"@type":"SearchAction","target":{"@type":"EntryPoint","urlTemplate":"https:\/\/www.jdpmecaniqueindustrielle.com\/?s={search_term_string}"},"query-input":{"@type":"PropertyValueSpecification","valueRequired":true,"valueName":"search_term_string"}}],"inLanguage":"en-CA"},{"@type":"Organization","@id":"https:\/\/www.jdpmecaniqueindustrielle.com\/#organization","name":"Jdp m\u00e9canique industrielle Inc","url":"https:\/\/www.jdpmecaniqueindustrielle.com\/","logo":{"@type":"ImageObject","inLanguage":"en-CA","@id":"https:\/\/www.jdpmecaniqueindustrielle.com\/#\/schema\/logo\/image\/","url":"https:\/\/www.jdpmecaniqueindustrielle.com\/wp-content\/uploads\/2025\/10\/cropped-logo.jpg","contentUrl":"https:\/\/www.jdpmecaniqueindustrielle.com\/wp-content\/uploads\/2025\/10\/cropped-logo.jpg","width":400,"height":386,"caption":"Jdp m\u00e9canique industrielle Inc"},"image":{"@id":"https:\/\/www.jdpmecaniqueindustrielle.com\/#\/schema\/logo\/image\/"}}]}},"_links":{"self":[{"href":"https:\/\/www.jdpmecaniqueindustrielle.com\/en\/wp-json\/wp\/v2\/pages\/813","targetHints":{"allow":["GET"]}}],"collection":[{"href":"https:\/\/www.jdpmecaniqueindustrielle.com\/en\/wp-json\/wp\/v2\/pages"}],"about":[{"href":"https:\/\/www.jdpmecaniqueindustrielle.com\/en\/wp-json\/wp\/v2\/types\/page"}],"author":[{"embeddable":true,"href":"https:\/\/www.jdpmecaniqueindustrielle.com\/en\/wp-json\/wp\/v2\/users\/1"}],"replies":[{"embeddable":true,"href":"https:\/\/www.jdpmecaniqueindustrielle.com\/en\/wp-json\/wp\/v2\/comments?post=813"}],"version-history":[{"count":14,"href":"https:\/\/www.jdpmecaniqueindustrielle.com\/en\/wp-json\/wp\/v2\/pages\/813\/revisions"}],"predecessor-version":[{"id":1018,"href":"https:\/\/www.jdpmecaniqueindustrielle.com\/en\/wp-json\/wp\/v2\/pages\/813\/revisions\/1018"}],"wp:attachment":[{"href":"https:\/\/www.jdpmecaniqueindustrielle.com\/en\/wp-json\/wp\/v2\/media?parent=813"}],"curies":[{"name":"wp","href":"https:\/\/api.w.org\/{rel}","templated":true}]}}